{"id":1108,"date":"2026-02-19T00:38:57","date_gmt":"2026-02-19T00:38:57","guid":{"rendered":"https:\/\/dolcevitae-bergerac.fr\/?page_id=1108"},"modified":"2026-02-19T01:00:56","modified_gmt":"2026-02-19T01:00:56","slug":"elementor-1108","status":"publish","type":"page","link":"https:\/\/dolcevitae-bergerac.fr\/index.php\/elementor-1108\/","title":{"rendered":"Mentions l\u00e9gales"},"content":{"rendered":"\t\t<div data-elementor-type=\"wp-page\" data-elementor-id=\"1108\" class=\"elementor elementor-1108\" data-elementor-post-type=\"page\">\n\t\t\t\t<div class=\"elementor-element elementor-element-f7acf4a e-flex e-con-boxed e-con e-parent\" data-id=\"f7acf4a\" data-element_type=\"container\" data-e-type=\"container\" data-settings=\"{&quot;background_background&quot;:&quot;classic&quot;}\">\n\t\t\t\t\t<div class=\"e-con-inner\">\n\t\t\t\t<div class=\"elementor-element elementor-element-f189dce elementor-widget elementor-widget-heading\" data-id=\"f189dce\" data-element_type=\"widget\" data-e-type=\"widget\" data-widget_type=\"heading.default\">\n\t\t\t\t\t<h2 class=\"elementor-heading-title elementor-size-default\">Mentions l\u00e9gales<\/h2>\t\t\t\t<\/div>\n\t\t\t\t<div class=\"elementor-element elementor-element-a059d52 elementor-widget elementor-widget-text-editor\" data-id=\"a059d52\" data-element_type=\"widget\" data-e-type=\"widget\" data-widget_type=\"text-editor.default\">\n\t\t\t\t\t\t\t\t\t<h2 data-start=\"674\" data-end=\"693\">Mentions l\u00e9gales<\/h2><p data-start=\"695\" data-end=\"949\"><strong data-start=\"695\" data-end=\"714\">\u00c9diteur du site<\/strong><br data-start=\"714\" data-end=\"717\" \/>Nom de l\u2019entreprise : <strong data-start=\"739\" data-end=\"767\">Conciergerie Dolce Vitae<\/strong><br data-start=\"767\" data-end=\"770\" \/>Responsable de publication : <strong data-start=\"799\" data-end=\"822\">Ricardo DE MATOS<\/strong><br data-start=\"822\" data-end=\"825\" \/>Adresse : Cun\u00e8ges 24240<br data-start=\"892\" data-end=\"895\" \/>T\u00e9l\u00e9phone : <strong data-start=\"907\" data-end=\"923\">+33 788 946 186<\/strong><br data-start=\"923\" data-end=\"926\" \/>Email : <strong data-start=\"934\" data-end=\"949\">contact@dolcevitae-bergerac.fr<\/strong><\/p><p data-start=\"951\" data-end=\"1040\">Statut juridique : <strong data-start=\"970\" data-end=\"1007\">Auto-entrepreneur\u00a0<\/strong><br data-start=\"1007\" data-end=\"1010\" \/>SIRET : 913 443 305 00010<\/p><hr data-start=\"1042\" data-end=\"1045\" \/><p data-start=\"1047\" data-end=\"1171\"><strong data-start=\"1047\" data-end=\"1062\">H\u00e9bergement<\/strong><br data-start=\"1062\" data-end=\"1065\" \/>Le site est h\u00e9berg\u00e9 par :<br data-start=\"1090\" data-end=\"1093\" \/><strong data-start=\"1093\" data-end=\"1105\">OVHcloud<\/strong><br data-start=\"1105\" data-end=\"1108\" \/>2 rue Kellermann \u2013 59100 Roubaix \u2013 France<br data-start=\"1149\" data-end=\"1152\" \/>Site : ovhcloud.com<\/p><hr data-start=\"1173\" data-end=\"1176\" \/><p data-start=\"1178\" data-end=\"1482\"><strong data-start=\"1178\" data-end=\"1206\">Propri\u00e9t\u00e9 intellectuelle<\/strong><br data-start=\"1206\" data-end=\"1209\" \/>L\u2019ensemble du contenu du site (textes, images, graphismes, logo, structure) est la propri\u00e9t\u00e9 exclusive de <strong data-start=\"1315\" data-end=\"1343\">Conciergerie Dolce Vitae<\/strong>, sauf mentions contraires.<br data-start=\"1370\" data-end=\"1373\" \/>Toute reproduction, distribution ou utilisation sans autorisation \u00e9crite pr\u00e9alable est strictement interdite.<\/p><hr data-start=\"1484\" data-end=\"1487\" \/><p data-start=\"1489\" data-end=\"1658\"><strong data-start=\"1489\" data-end=\"1507\">Responsabilit\u00e9<\/strong><br data-start=\"1507\" data-end=\"1510\" \/>L\u2019\u00e9diteur du site s\u2019efforce de fournir des informations exactes et \u00e0 jour.<br data-start=\"1584\" data-end=\"1587\" \/>Il ne saurait \u00eatre tenu responsable d\u2019\u00e9ventuelles erreurs ou omissions.<\/p>\t\t\t\t\t\t\t\t<\/div>\n\t\t\t\t\t<\/div>\n\t\t\t\t<\/div>\n\t\t\t\t<\/div>\n\t\t","protected":false},"excerpt":{"rendered":"<p>Mentions l\u00e9gales Mentions l\u00e9gales \u00c9diteur du siteNom de l\u2019entreprise : Conciergerie Dolce VitaeResponsable de publication : Ricardo DE MATOSAdresse : Cun\u00e8ges 24240T\u00e9l\u00e9phone : +33 788 946 186Email : contact@dolcevitae-bergerac.fr Statut juridique : Auto-entrepreneur\u00a0SIRET : 913 443 305 00010 H\u00e9bergementLe site est h\u00e9berg\u00e9 par :OVHcloud2 rue Kellermann \u2013 59100 Roubaix \u2013 FranceSite : ovhcloud.com Propri\u00e9t\u00e9 intellectuelleL\u2019ensemble [&hellip;]<\/p>\n","protected":false},"author":1,"featured_media":0,"parent":0,"menu_order":0,"comment_status":"closed","ping_status":"closed","template":"","meta":{"footnotes":""},"class_list":["post-1108","page","type-page","status-publish","hentry"],"_links":{"self":[{"href":"https:\/\/dolcevitae-bergerac.fr\/index.php\/wp-json\/wp\/v2\/pages\/1108","targetHints":{"allow":["GET"]}}],"collection":[{"href":"https:\/\/dolcevitae-bergerac.fr\/index.php\/wp-json\/wp\/v2\/pages"}],"about":[{"href":"https:\/\/dolcevitae-bergerac.fr\/index.php\/wp-json\/wp\/v2\/types\/page"}],"author":[{"embeddable":true,"href":"https:\/\/dolcevitae-bergerac.fr\/index.php\/wp-json\/wp\/v2\/users\/1"}],"replies":[{"embeddable":true,"href":"https:\/\/dolcevitae-bergerac.fr\/index.php\/wp-json\/wp\/v2\/comments?post=1108"}],"version-history":[{"count":14,"href":"https:\/\/dolcevitae-bergerac.fr\/index.php\/wp-json\/wp\/v2\/pages\/1108\/revisions"}],"predecessor-version":[{"id":1133,"href":"https:\/\/dolcevitae-bergerac.fr\/index.php\/wp-json\/wp\/v2\/pages\/1108\/revisions\/1133"}],"wp:attachment":[{"href":"https:\/\/dolcevitae-bergerac.fr\/index.php\/wp-json\/wp\/v2\/media?parent=1108"}],"curies":[{"name":"wp","href":"https:\/\/api.w.org\/{rel}","templated":true}]}}