{"id":1114,"date":"2026-02-19T00:42:02","date_gmt":"2026-02-19T00:42:02","guid":{"rendered":"https:\/\/dolcevitae-bergerac.fr\/?page_id=1114"},"modified":"2026-02-19T00:54:34","modified_gmt":"2026-02-19T00:54:34","slug":"politique-de-confidentialite-rgpd","status":"publish","type":"page","link":"https:\/\/dolcevitae-bergerac.fr\/index.php\/politique-de-confidentialite-rgpd\/","title":{"rendered":"Politique de confidentialit\u00e9 (RGPD)"},"content":{"rendered":"\t\t<div data-elementor-type=\"wp-page\" data-elementor-id=\"1114\" class=\"elementor elementor-1114\" data-elementor-post-type=\"page\">\n\t\t\t\t<div class=\"elementor-element elementor-element-02d6280 e-flex e-con-boxed e-con e-parent\" data-id=\"02d6280\" data-element_type=\"container\" data-e-type=\"container\" data-settings=\"{&quot;background_background&quot;:&quot;classic&quot;}\">\n\t\t\t\t\t<div class=\"e-con-inner\">\n\t\t\t\t<div class=\"elementor-element elementor-element-8969567 elementor-widget elementor-widget-text-editor\" data-id=\"8969567\" data-element_type=\"widget\" data-e-type=\"widget\" data-widget_type=\"text-editor.default\">\n\t\t\t\t\t\t\t\t\t<h2 data-start=\"1817\" data-end=\"1848\">Politique de confidentialit\u00e9<\/h2><h3 data-start=\"1850\" data-end=\"1887\">Collecte des donn\u00e9es personnelles<\/h3><p data-start=\"1888\" data-end=\"2036\">Les donn\u00e9es personnelles collect\u00e9es sur ce site (nom, pr\u00e9nom, email, t\u00e9l\u00e9phone, message) sont recueillies uniquement via les formulaires de contact.<\/p><hr data-start=\"2038\" data-end=\"2041\" \/><h3 data-start=\"2043\" data-end=\"2070\">Utilisation des donn\u00e9es<\/h3><p data-start=\"2071\" data-end=\"2129\">Les donn\u00e9es collect\u00e9es sont utilis\u00e9es exclusivement pour :<\/p><ul data-start=\"2130\" data-end=\"2243\"><li data-start=\"2130\" data-end=\"2191\"><p data-start=\"2132\" data-end=\"2191\">r\u00e9pondre aux demandes envoy\u00e9es via le formulaire de contact<\/p><\/li><li data-start=\"2192\" data-end=\"2243\"><p data-start=\"2194\" data-end=\"2243\">\u00e9changer dans le cadre d\u2019une relation commerciale<\/p><\/li><\/ul><p data-start=\"2245\" data-end=\"2312\">Elles ne sont <strong data-start=\"2259\" data-end=\"2311\">ni vendues, ni c\u00e9d\u00e9es, ni transmises \u00e0 des tiers<\/strong>.<\/p><hr data-start=\"2314\" data-end=\"2317\" \/><h3 data-start=\"2319\" data-end=\"2344\">Dur\u00e9e de conservation<\/h3><p data-start=\"2345\" data-end=\"2439\">Les donn\u00e9es sont conserv\u00e9es pour une dur\u00e9e maximale de <strong data-start=\"2400\" data-end=\"2409\">3 ans<\/strong> \u00e0 compter du dernier contact.<\/p><hr data-start=\"2441\" data-end=\"2444\" \/><h3 data-start=\"2446\" data-end=\"2473\">Droits des utilisateurs<\/h3><p data-start=\"2474\" data-end=\"2572\">Conform\u00e9ment au R\u00e8glement G\u00e9n\u00e9ral sur la Protection des Donn\u00e9es (RGPD), vous disposez d\u2019un droit :<\/p><ul data-start=\"2573\" data-end=\"2618\"><li data-start=\"2573\" data-end=\"2582\"><p data-start=\"2575\" data-end=\"2582\">d\u2019acc\u00e8s<\/p><\/li><li data-start=\"2583\" data-end=\"2601\"><p data-start=\"2585\" data-end=\"2601\">de rectification<\/p><\/li><li data-start=\"2602\" data-end=\"2618\"><p data-start=\"2604\" data-end=\"2618\">de suppression<\/p><\/li><\/ul><p data-start=\"2620\" data-end=\"2677\">Pour exercer ces droits, contactez :<br data-start=\"2656\" data-end=\"2659\" \/>\ud83d\udce7 <strong data-start=\"2662\" data-end=\"2677\">contact@dolcevitae-bergerac.fr<\/strong><\/p><hr data-start=\"2679\" data-end=\"2682\" \/><h3 data-start=\"2684\" data-end=\"2695\">Cookies<\/h3><p data-start=\"2696\" data-end=\"2873\">Le site peut utiliser des cookies strictement n\u00e9cessaires \u00e0 son bon fonctionnement et \u00e0 la mesure d\u2019audience.<br data-start=\"2805\" data-end=\"2808\" \/>Vous pouvez configurer votre navigateur pour refuser les cookies.<\/p>\t\t\t\t\t\t\t\t<\/div>\n\t\t\t\t\t<\/div>\n\t\t\t\t<\/div>\n\t\t\t\t<\/div>\n\t\t","protected":false},"excerpt":{"rendered":"<p>Politique de confidentialit\u00e9 Collecte des donn\u00e9es personnelles Les donn\u00e9es personnelles collect\u00e9es sur ce site (nom, pr\u00e9nom, email, t\u00e9l\u00e9phone, message) sont recueillies uniquement via les formulaires de contact. Utilisation des donn\u00e9es Les donn\u00e9es collect\u00e9es sont utilis\u00e9es exclusivement pour : r\u00e9pondre aux demandes envoy\u00e9es via le formulaire de contact \u00e9changer dans le cadre d\u2019une relation commerciale Elles [&hellip;]<\/p>\n","protected":false},"author":1,"featured_media":0,"parent":0,"menu_order":0,"comment_status":"closed","ping_status":"closed","template":"","meta":{"footnotes":""},"class_list":["post-1114","page","type-page","status-publish","hentry"],"_links":{"self":[{"href":"https:\/\/dolcevitae-bergerac.fr\/index.php\/wp-json\/wp\/v2\/pages\/1114","targetHints":{"allow":["GET"]}}],"collection":[{"href":"https:\/\/dolcevitae-bergerac.fr\/index.php\/wp-json\/wp\/v2\/pages"}],"about":[{"href":"https:\/\/dolcevitae-bergerac.fr\/index.php\/wp-json\/wp\/v2\/types\/page"}],"author":[{"embeddable":true,"href":"https:\/\/dolcevitae-bergerac.fr\/index.php\/wp-json\/wp\/v2\/users\/1"}],"replies":[{"embeddable":true,"href":"https:\/\/dolcevitae-bergerac.fr\/index.php\/wp-json\/wp\/v2\/comments?post=1114"}],"version-history":[{"count":9,"href":"https:\/\/dolcevitae-bergerac.fr\/index.php\/wp-json\/wp\/v2\/pages\/1114\/revisions"}],"predecessor-version":[{"id":1126,"href":"https:\/\/dolcevitae-bergerac.fr\/index.php\/wp-json\/wp\/v2\/pages\/1114\/revisions\/1126"}],"wp:attachment":[{"href":"https:\/\/dolcevitae-bergerac.fr\/index.php\/wp-json\/wp\/v2\/media?parent=1114"}],"curies":[{"name":"wp","href":"https:\/\/api.w.org\/{rel}","templated":true}]}}