{"id":149,"date":"2026-02-11T19:38:12","date_gmt":"2026-02-11T19:38:12","guid":{"rendered":"https:\/\/dolcevitae-bergerac.fr\/?page_id=149"},"modified":"2026-02-21T09:54:05","modified_gmt":"2026-02-21T09:54:05","slug":"qui-sommes-nous","status":"publish","type":"page","link":"https:\/\/dolcevitae-bergerac.fr\/index.php\/qui-sommes-nous\/","title":{"rendered":"Qui sommes nous"},"content":{"rendered":"\t\t<div data-elementor-type=\"wp-page\" data-elementor-id=\"149\" class=\"elementor elementor-149\" data-elementor-post-type=\"page\">\n\t\t\t\t<div class=\"elementor-element elementor-element-748fd5f e-flex e-con-boxed e-con e-parent\" data-id=\"748fd5f\" data-element_type=\"container\" data-e-type=\"container\" data-settings=\"{&quot;background_background&quot;:&quot;classic&quot;}\">\n\t\t\t\t\t<div class=\"e-con-inner\">\n\t\t<div class=\"elementor-element elementor-element-413d84e e-con-full e-flex e-con e-child\" data-id=\"413d84e\" data-element_type=\"container\" data-e-type=\"container\">\n\t\t\t\t<div class=\"elementor-element elementor-element-6b31d63 elementor-widget elementor-widget-image\" data-id=\"6b31d63\" data-element_type=\"widget\" data-e-type=\"widget\" data-widget_type=\"image.default\">\n\t\t\t\t\t\t\t\t\t\t\t\t\t\t\t<img fetchpriority=\"high\" decoding=\"async\" width=\"800\" height=\"1000\" src=\"https:\/\/dolcevitae-bergerac.fr\/wp-content\/uploads\/2026\/02\/WhatsApp-Image-2026-01-27-at-22.44.36-1-819x1024.jpeg\" class=\"attachment-large size-large wp-image-1186\" alt=\"\" srcset=\"https:\/\/dolcevitae-bergerac.fr\/wp-content\/uploads\/2026\/02\/WhatsApp-Image-2026-01-27-at-22.44.36-1-819x1024.jpeg 819w, https:\/\/dolcevitae-bergerac.fr\/wp-content\/uploads\/2026\/02\/WhatsApp-Image-2026-01-27-at-22.44.36-1-240x300.jpeg 240w, https:\/\/dolcevitae-bergerac.fr\/wp-content\/uploads\/2026\/02\/WhatsApp-Image-2026-01-27-at-22.44.36-1-768x960.jpeg 768w, https:\/\/dolcevitae-bergerac.fr\/wp-content\/uploads\/2026\/02\/WhatsApp-Image-2026-01-27-at-22.44.36-1.jpeg 1080w\" sizes=\"(max-width: 800px) 100vw, 800px\" \/>\t\t\t\t\t\t\t\t\t\t\t\t\t\t\t<\/div>\n\t\t\t\t<\/div>\n\t\t<div class=\"elementor-element elementor-element-57cb071 e-con-full e-flex e-con e-child\" data-id=\"57cb071\" data-element_type=\"container\" data-e-type=\"container\">\n\t\t\t\t<div class=\"elementor-element elementor-element-77d3166 elementor-widget elementor-widget-image\" data-id=\"77d3166\" data-element_type=\"widget\" data-e-type=\"widget\" data-widget_type=\"image.default\">\n\t\t\t\t\t\t\t\t\t\t\t\t\t\t\t<img decoding=\"async\" width=\"800\" height=\"1000\" src=\"https:\/\/dolcevitae-bergerac.fr\/wp-content\/uploads\/2026\/02\/WhatsApp-Image-2026-01-27-at-22.44.36-819x1024.jpeg\" class=\"attachment-large size-large wp-image-1187\" alt=\"\" srcset=\"https:\/\/dolcevitae-bergerac.fr\/wp-content\/uploads\/2026\/02\/WhatsApp-Image-2026-01-27-at-22.44.36-819x1024.jpeg 819w, https:\/\/dolcevitae-bergerac.fr\/wp-content\/uploads\/2026\/02\/WhatsApp-Image-2026-01-27-at-22.44.36-240x300.jpeg 240w, https:\/\/dolcevitae-bergerac.fr\/wp-content\/uploads\/2026\/02\/WhatsApp-Image-2026-01-27-at-22.44.36-768x960.jpeg 768w, https:\/\/dolcevitae-bergerac.fr\/wp-content\/uploads\/2026\/02\/WhatsApp-Image-2026-01-27-at-22.44.36.jpeg 1080w\" sizes=\"(max-width: 800px) 100vw, 800px\" \/>\t\t\t\t\t\t\t\t\t\t\t\t\t\t\t<\/div>\n\t\t\t\t<\/div>\n\t\t\t\t\t<\/div>\n\t\t\t\t<\/div>\n\t\t<div class=\"elementor-element elementor-element-6878469 e-flex e-con-boxed e-con e-parent\" data-id=\"6878469\" data-element_type=\"container\" data-e-type=\"container\" data-settings=\"{&quot;background_background&quot;:&quot;classic&quot;}\">\n\t\t\t\t\t<div class=\"e-con-inner\">\n\t\t\t\t<div class=\"elementor-element elementor-element-fb053b6 elementor-widget elementor-widget-text-editor\" data-id=\"fb053b6\" data-element_type=\"widget\" data-e-type=\"widget\" data-widget_type=\"text-editor.default\">\n\t\t\t\t\t\t\t\t\t<p data-start=\"166\" data-end=\"284\"><strong data-start=\"166\" data-end=\"194\">Dolce Vitae Conciergerie<\/strong> est avant tout une entreprise familiale, n\u00e9e de notre propre exp\u00e9rience de propri\u00e9taires.<\/p><p data-start=\"286\" data-end=\"581\">Depuis plusieurs ann\u00e9es, nous g\u00e9rons et d\u00e9veloppons nos g\u00eetes avec succ\u00e8s, en alliant sens du d\u00e9tail, relation de confiance et satisfaction des voyageurs. Forts de cette exp\u00e9rience concr\u00e8te du terrain, nous avons aujourd\u2019hui choisi de mettre notre savoir-faire au service d\u2019autres propri\u00e9taires.<\/p><p data-start=\"583\" data-end=\"965\">De l\u2019optimisation de votre bien \u2014 petits travaux, am\u00e9liorations cibl\u00e9es, home staging \u2014 \u00e0 la gestion partielle ou compl\u00e8te de votre annonce, nous vous accompagnons avec une approche personnalis\u00e9e, pragmatique et transparente. Chaque projet d\u00e9bute par une rencontre, afin de comprendre pr\u00e9cis\u00e9ment vos attentes et de vous proposer des solutions r\u00e9ellement adapt\u00e9es \u00e0 votre situation.<\/p><p data-start=\"967\" data-end=\"1217\">Parce que la qualit\u00e9 de la communication est essentielle, nous \u00e9changeons naturellement avec les voyageurs <strong data-start=\"1074\" data-end=\"1117\">en fran\u00e7ais, en anglais et en portugais<\/strong>, garantissant ainsi un accueil fluide, professionnel et rassurant, quelle que soit leur provenance.<\/p><p data-start=\"1219\" data-end=\"1405\">Notre objectif est simple : vous faire gagner du temps, optimiser la performance de votre location et b\u00e2tir une collaboration durable, fond\u00e9e sur la confiance, la clart\u00e9 et l\u2019engagement.<\/p><p data-start=\"1407\" data-end=\"1473\" data-is-last-node=\"\" data-is-only-node=\"\"><strong data-start=\"1407\" data-end=\"1473\" data-is-last-node=\"\">N\u2019h\u00e9sitez pas \u00e0 nous contacter pour \u00e9changer sur votre projet.<\/strong><\/p><p data-start=\"1190\" data-end=\"1256\">\u00a0<\/p>\t\t\t\t\t\t\t\t<\/div>\n\t\t\t\t\t<\/div>\n\t\t\t\t<\/div>\n\t\t<div class=\"elementor-element elementor-element-7bc399a e-grid e-con-full e-con e-parent\" data-id=\"7bc399a\" data-element_type=\"container\" data-e-type=\"container\" data-settings=\"{&quot;background_background&quot;:&quot;classic&quot;}\">\n\t\t<div class=\"elementor-element elementor-element-15539fe e-con-full e-flex e-con e-child\" data-id=\"15539fe\" data-element_type=\"container\" data-e-type=\"container\">\n\t\t\t\t<div class=\"elementor-element elementor-element-bb2e6a2 elementor-widget elementor-widget-text-editor\" data-id=\"bb2e6a2\" data-element_type=\"widget\" data-e-type=\"widget\" data-widget_type=\"text-editor.default\">\n\t\t\t\t\t\t\t\t\t<p>Conciergerie Dolce Vitae<\/p><p>24240 &#8211; Sigoules<\/p><p>T\u00e9l\u00e9phone : +33 788 946 186<\/p><p>contact@dolcevitae-bergerac.fr<\/p>\t\t\t\t\t\t\t\t<\/div>\n\t\t\t\t<\/div>\n\t\t<div class=\"elementor-element elementor-element-7924247 e-con-full e-flex e-con e-child\" data-id=\"7924247\" data-element_type=\"container\" data-e-type=\"container\">\n\t\t\t\t<div class=\"elementor-element elementor-element-c2c6d1c elementor-widget elementor-widget-theme-site-logo elementor-widget-image\" data-id=\"c2c6d1c\" data-element_type=\"widget\" data-e-type=\"widget\" data-widget_type=\"theme-site-logo.default\">\n\t\t\t\t\t\t\t\t\t\t\t<a href=\"https:\/\/dolcevitae-bergerac.fr\">\n\t\t\t<img decoding=\"async\" width=\"240\" height=\"108\" src=\"https:\/\/dolcevitae-bergerac.fr\/wp-content\/uploads\/2026\/02\/logo-niquel-9.png\" class=\"attachment-full size-full wp-image-1093\" alt=\"\" \/>\t\t\t\t<\/a>\n\t\t\t\t\t\t\t\t\t\t\t<\/div>\n\t\t\t\t<div class=\"elementor-element elementor-element-990a2eb elementor-shape-rounded elementor-grid-0 e-grid-align-center elementor-widget elementor-widget-social-icons\" data-id=\"990a2eb\" data-element_type=\"widget\" data-e-type=\"widget\" data-widget_type=\"social-icons.default\">\n\t\t\t\t\t\t\t<div class=\"elementor-social-icons-wrapper elementor-grid\" role=\"list\">\n\t\t\t\t\t\t\t<span class=\"elementor-grid-item\" role=\"listitem\">\n\t\t\t\t\t<a class=\"elementor-icon elementor-social-icon elementor-social-icon-facebook elementor-repeater-item-7971865\" href=\"https:\/\/www.facebook.com\/DolceVitaeConciergerieBergerac\/\" target=\"_blank\">\n\t\t\t\t\t\t<span class=\"elementor-screen-only\">Facebook<\/span>\n\t\t\t\t\t\t<svg aria-hidden=\"true\" class=\"e-font-icon-svg e-fab-facebook\" viewBox=\"0 0 512 512\" xmlns=\"http:\/\/www.w3.org\/2000\/svg\"><path d=\"M504 256C504 119 393 8 256 8S8 119 8 256c0 123.78 90.69 226.38 209.25 245V327.69h-63V256h63v-54.64c0-62.15 37-96.48 93.67-96.48 27.14 0 55.52 4.84 55.52 4.84v61h-31.28c-30.8 0-40.41 19.12-40.41 38.73V256h68.78l-11 71.69h-57.78V501C413.31 482.38 504 379.78 504 256z\"><\/path><\/svg>\t\t\t\t\t<\/a>\n\t\t\t\t<\/span>\n\t\t\t\t\t\t\t<span class=\"elementor-grid-item\" role=\"listitem\">\n\t\t\t\t\t<a class=\"elementor-icon elementor-social-icon elementor-social-icon-instagram elementor-repeater-item-64322a7\" href=\"https:\/\/www.instagram.com\/dolcevitaexperience\/\" target=\"_blank\">\n\t\t\t\t\t\t<span class=\"elementor-screen-only\">Instagram<\/span>\n\t\t\t\t\t\t<svg aria-hidden=\"true\" class=\"e-font-icon-svg e-fab-instagram\" viewBox=\"0 0 448 512\" xmlns=\"http:\/\/www.w3.org\/2000\/svg\"><path d=\"M224.1 141c-63.6 0-114.9 51.3-114.9 114.9s51.3 114.9 114.9 114.9S339 319.5 339 255.9 287.7 141 224.1 141zm0 189.6c-41.1 0-74.7-33.5-74.7-74.7s33.5-74.7 74.7-74.7 74.7 33.5 74.7 74.7-33.6 74.7-74.7 74.7zm146.4-194.3c0 14.9-12 26.8-26.8 26.8-14.9 0-26.8-12-26.8-26.8s12-26.8 26.8-26.8 26.8 12 26.8 26.8zm76.1 27.2c-1.7-35.9-9.9-67.7-36.2-93.9-26.2-26.2-58-34.4-93.9-36.2-37-2.1-147.9-2.1-184.9 0-35.8 1.7-67.6 9.9-93.9 36.1s-34.4 58-36.2 93.9c-2.1 37-2.1 147.9 0 184.9 1.7 35.9 9.9 67.7 36.2 93.9s58 34.4 93.9 36.2c37 2.1 147.9 2.1 184.9 0 35.9-1.7 67.7-9.9 93.9-36.2 26.2-26.2 34.4-58 36.2-93.9 2.1-37 2.1-147.8 0-184.8zM398.8 388c-7.8 19.6-22.9 34.7-42.6 42.6-29.5 11.7-99.5 9-132.1 9s-102.7 2.6-132.1-9c-19.6-7.8-34.7-22.9-42.6-42.6-11.7-29.5-9-99.5-9-132.1s-2.6-102.7 9-132.1c7.8-19.6 22.9-34.7 42.6-42.6 29.5-11.7 99.5-9 132.1-9s102.7-2.6 132.1 9c19.6 7.8 34.7 22.9 42.6 42.6 11.7 29.5 9 99.5 9 132.1s2.7 102.7-9 132.1z\"><\/path><\/svg>\t\t\t\t\t<\/a>\n\t\t\t\t<\/span>\n\t\t\t\t\t<\/div>\n\t\t\t\t\t\t<\/div>\n\t\t\t\t<div class=\"elementor-element elementor-element-2b40379 elementor-widget elementor-widget-heading\" data-id=\"2b40379\" data-element_type=\"widget\" data-e-type=\"widget\" data-widget_type=\"heading.default\">\n\t\t\t\t\t<h2 class=\"elementor-heading-title elementor-size-default\">\u00a9 2026 Conciergerie Dolce Vitae \u2013 Tous droits r\u00e9serv\u00e9s\n<\/h2>\t\t\t\t<\/div>\n\t\t\t\t<\/div>\n\t\t<div class=\"elementor-element elementor-element-f1ab967 e-con-full e-flex e-con e-child\" data-id=\"f1ab967\" data-element_type=\"container\" data-e-type=\"container\">\n\t\t\t\t<div class=\"elementor-element elementor-element-f68a2f1 elementor-widget elementor-widget-heading\" data-id=\"f68a2f1\" data-element_type=\"widget\" data-e-type=\"widget\" data-widget_type=\"heading.default\">\n\t\t\t\t\t<h2 class=\"elementor-heading-title elementor-size-default\"><a href=\"https:\/\/dolcevitae-bergerac.fr\/index.php\/elementor-1108\/\">Mentions l\u00e9gales<\/a><\/h2>\t\t\t\t<\/div>\n\t\t\t\t<div class=\"elementor-element elementor-element-ed6fca4 elementor-widget elementor-widget-heading\" data-id=\"ed6fca4\" data-element_type=\"widget\" data-e-type=\"widget\" data-widget_type=\"heading.default\">\n\t\t\t\t\t<h2 class=\"elementor-heading-title elementor-size-default\"><a href=\"https:\/\/dolcevitae-bergerac.fr\/index.php\/politique-de-confidentialite-rgpd\/\">Politique  de confidentialit\u00e9<\/a><\/h2>\t\t\t\t<\/div>\n\t\t\t\t<\/div>\n\t\t\t\t<\/div>\n\t\t\t\t<\/div>\n\t\t","protected":false},"excerpt":{"rendered":"<p>Dolce Vitae Conciergerie est avant tout une entreprise familiale, n\u00e9e de notre propre exp\u00e9rience de propri\u00e9taires. Depuis plusieurs ann\u00e9es, nous g\u00e9rons et d\u00e9veloppons nos g\u00eetes avec succ\u00e8s, en alliant sens du d\u00e9tail, relation de confiance et satisfaction des voyageurs. Forts de cette exp\u00e9rience concr\u00e8te du terrain, nous avons aujourd\u2019hui choisi de mettre notre savoir-faire au [&hellip;]<\/p>\n","protected":false},"author":1,"featured_media":0,"parent":0,"menu_order":0,"comment_status":"closed","ping_status":"closed","template":"","meta":{"footnotes":""},"class_list":["post-149","page","type-page","status-publish","hentry"],"_links":{"self":[{"href":"https:\/\/dolcevitae-bergerac.fr\/index.php\/wp-json\/wp\/v2\/pages\/149","targetHints":{"allow":["GET"]}}],"collection":[{"href":"https:\/\/dolcevitae-bergerac.fr\/index.php\/wp-json\/wp\/v2\/pages"}],"about":[{"href":"https:\/\/dolcevitae-bergerac.fr\/index.php\/wp-json\/wp\/v2\/types\/page"}],"author":[{"embeddable":true,"href":"https:\/\/dolcevitae-bergerac.fr\/index.php\/wp-json\/wp\/v2\/users\/1"}],"replies":[{"embeddable":true,"href":"https:\/\/dolcevitae-bergerac.fr\/index.php\/wp-json\/wp\/v2\/comments?post=149"}],"version-history":[{"count":40,"href":"https:\/\/dolcevitae-bergerac.fr\/index.php\/wp-json\/wp\/v2\/pages\/149\/revisions"}],"predecessor-version":[{"id":1375,"href":"https:\/\/dolcevitae-bergerac.fr\/index.php\/wp-json\/wp\/v2\/pages\/149\/revisions\/1375"}],"wp:attachment":[{"href":"https:\/\/dolcevitae-bergerac.fr\/index.php\/wp-json\/wp\/v2\/media?parent=149"}],"curies":[{"name":"wp","href":"https:\/\/api.w.org\/{rel}","templated":true}]}}