{"id":153,"date":"2026-02-11T19:38:47","date_gmt":"2026-02-11T19:38:47","guid":{"rendered":"https:\/\/dolcevitae-bergerac.fr\/?page_id=153"},"modified":"2026-02-21T12:12:58","modified_gmt":"2026-02-21T12:12:58","slug":"voyageur","status":"publish","type":"page","link":"https:\/\/dolcevitae-bergerac.fr\/index.php\/voyageur\/","title":{"rendered":"Voyageur"},"content":{"rendered":"\t\t<div data-elementor-type=\"wp-page\" data-elementor-id=\"153\" class=\"elementor elementor-153\" data-elementor-post-type=\"page\">\n\t\t\t\t<div class=\"elementor-element elementor-element-1e584bb e-flex e-con-boxed e-con e-parent\" data-id=\"1e584bb\" data-element_type=\"container\" data-e-type=\"container\" data-settings=\"{&quot;background_background&quot;:&quot;classic&quot;}\">\n\t\t\t\t\t<div class=\"e-con-inner\">\n\t\t<div class=\"elementor-element elementor-element-65c9092 e-con-full e-flex e-con e-child\" data-id=\"65c9092\" data-element_type=\"container\" data-e-type=\"container\">\n\t\t<div class=\"elementor-element elementor-element-8c2d0cc e-con-full e-flex e-con e-child\" data-id=\"8c2d0cc\" data-element_type=\"container\" data-e-type=\"container\" data-settings=\"{&quot;background_background&quot;:&quot;classic&quot;}\">\n\t\t\t\t<div class=\"elementor-element elementor-element-97bedf9 elementor-widget elementor-widget-heading\" data-id=\"97bedf9\" data-element_type=\"widget\" data-e-type=\"widget\" data-widget_type=\"heading.default\">\n\t\t\t\t\t<h2 class=\"elementor-heading-title elementor-size-default\">Excursions<\/h2>\t\t\t\t<\/div>\n\t\t\t\t<\/div>\n\t\t\t\t<\/div>\n\t\t<div class=\"elementor-element elementor-element-1153326 e-con-full e-flex e-con e-child\" data-id=\"1153326\" data-element_type=\"container\" data-e-type=\"container\" data-settings=\"{&quot;background_background&quot;:&quot;classic&quot;}\">\n\t\t\t\t<div class=\"elementor-element elementor-element-43b6dbc elementor-widget elementor-widget-text-editor\" data-id=\"43b6dbc\" data-element_type=\"widget\" data-e-type=\"widget\" data-widget_type=\"text-editor.default\">\n\t\t\t\t\t\t\t\t\t<p>\u2022 Organisation sur mesure de vos excursions touristiques : grottes, ch\u00e2teaux et sites embl\u00e9matiques de la r\u00e9gion.<br \/><br data-start=\"986\" data-end=\"989\" \/>\u2022 Organisation de d\u00e9gustations de vins et de visites de vignobles, \u00e0 la d\u00e9couverte des terroirs locaux.<\/p>\t\t\t\t\t\t\t\t<\/div>\n\t\t\t\t<\/div>\n\t\t\t\t\t<\/div>\n\t\t\t\t<\/div>\n\t\t<div class=\"elementor-element elementor-element-fa36ca6 e-flex e-con-boxed e-con e-parent\" data-id=\"fa36ca6\" data-element_type=\"container\" data-e-type=\"container\" data-settings=\"{&quot;background_background&quot;:&quot;classic&quot;}\">\n\t\t\t\t\t<div class=\"e-con-inner\">\n\t\t<div class=\"elementor-element elementor-element-91a4cab e-con-full e-flex e-con e-child\" data-id=\"91a4cab\" data-element_type=\"container\" data-e-type=\"container\">\n\t\t<div class=\"elementor-element elementor-element-354a48a e-con-full e-flex e-con e-child\" data-id=\"354a48a\" data-element_type=\"container\" data-e-type=\"container\" data-settings=\"{&quot;background_background&quot;:&quot;classic&quot;}\">\n\t\t\t\t<div class=\"elementor-element elementor-element-9cb95e0 elementor-widget elementor-widget-heading\" data-id=\"9cb95e0\" data-element_type=\"widget\" data-e-type=\"widget\" data-widget_type=\"heading.default\">\n\t\t\t\t\t<h2 class=\"elementor-heading-title elementor-size-default\">Transport<\/h2>\t\t\t\t<\/div>\n\t\t\t\t<\/div>\n\t\t\t\t<\/div>\n\t\t<div class=\"elementor-element elementor-element-eec1cec e-con-full e-flex e-con e-child\" data-id=\"eec1cec\" data-element_type=\"container\" data-e-type=\"container\">\n\t\t\t\t<div class=\"elementor-element elementor-element-53dce6e elementor-widget elementor-widget-text-editor\" data-id=\"53dce6e\" data-element_type=\"widget\" data-e-type=\"widget\" data-widget_type=\"text-editor.default\">\n\t\t\t\t\t\t\t\t\t<p>\u2022 Organisation de vos transferts priv\u00e9s depuis et vers les a\u00e9roports et gares.<br \/><br data-start=\"508\" data-end=\"511\" \/>\u2022 Mise en relation avec des chauffeurs professionnels pour vos d\u00e9placements locaux.<br \/><br data-start=\"596\" data-end=\"599\" \/>\u2022 Solutions de transport adapt\u00e9es \u00e0 vos besoins : arriv\u00e9e tardive, d\u00e9part matinal ou trajets ponctuels.<\/p>\t\t\t\t\t\t\t\t<\/div>\n\t\t\t\t<\/div>\n\t\t\t\t\t<\/div>\n\t\t\t\t<\/div>\n\t\t<div class=\"elementor-element elementor-element-cc76157 e-flex e-con-boxed e-con e-parent\" data-id=\"cc76157\" data-element_type=\"container\" data-e-type=\"container\" data-settings=\"{&quot;background_background&quot;:&quot;classic&quot;}\">\n\t\t\t\t\t<div class=\"e-con-inner\">\n\t\t<div class=\"elementor-element elementor-element-7bc5cfb e-con-full e-flex e-con e-child\" data-id=\"7bc5cfb\" data-element_type=\"container\" data-e-type=\"container\">\n\t\t<div class=\"elementor-element elementor-element-4264a85 e-con-full e-flex e-con e-child\" data-id=\"4264a85\" data-element_type=\"container\" data-e-type=\"container\" data-settings=\"{&quot;background_background&quot;:&quot;classic&quot;}\">\n\t\t\t\t<div class=\"elementor-element elementor-element-c3924c9 elementor-widget elementor-widget-heading\" data-id=\"c3924c9\" data-element_type=\"widget\" data-e-type=\"widget\" data-widget_type=\"heading.default\">\n\t\t\t\t\t<h2 class=\"elementor-heading-title elementor-size-default\">Soir\u00e9e romantique<\/h2>\t\t\t\t<\/div>\n\t\t\t\t<\/div>\n\t\t\t\t<\/div>\n\t\t<div class=\"elementor-element elementor-element-e7abe78 e-con-full e-flex e-con e-child\" data-id=\"e7abe78\" data-element_type=\"container\" data-e-type=\"container\">\n\t\t\t\t<div class=\"elementor-element elementor-element-c0a7340 elementor-widget elementor-widget-text-editor\" data-id=\"c0a7340\" data-element_type=\"widget\" data-e-type=\"widget\" data-widget_type=\"text-editor.default\">\n\t\t\t\t\t\t\t\t\t<p>\u2022 Organisation de soir\u00e9es romantiques cl\u00e9s en main.<\/p><p><br data-start=\"994\" data-end=\"997\" \/>\u2022 Mise en place de p\u00e9tales de fleurs, champagne et attentions personnalis\u00e9es.<\/p><p><br data-start=\"1076\" data-end=\"1079\" \/>\u2022 Cr\u00e9ation d\u2019une ambiance intime et soign\u00e9e pour un moment inoubliable.<\/p>\t\t\t\t\t\t\t\t<\/div>\n\t\t\t\t<\/div>\n\t\t\t\t\t<\/div>\n\t\t\t\t<\/div>\n\t\t<div class=\"elementor-element elementor-element-4b60fc8 e-flex e-con-boxed e-con e-parent\" data-id=\"4b60fc8\" data-element_type=\"container\" data-e-type=\"container\" data-settings=\"{&quot;background_background&quot;:&quot;classic&quot;}\">\n\t\t\t\t\t<div class=\"e-con-inner\">\n\t\t<div class=\"elementor-element elementor-element-688071b e-con-full e-flex e-con e-child\" data-id=\"688071b\" data-element_type=\"container\" data-e-type=\"container\">\n\t\t<div class=\"elementor-element elementor-element-094b592 e-con-full e-flex e-con e-child\" data-id=\"094b592\" data-element_type=\"container\" data-e-type=\"container\" data-settings=\"{&quot;background_background&quot;:&quot;classic&quot;}\">\n\t\t\t\t<div class=\"elementor-element elementor-element-988ea39 elementor-widget elementor-widget-heading\" data-id=\"988ea39\" data-element_type=\"widget\" data-e-type=\"widget\" data-widget_type=\"heading.default\">\n\t\t\t\t\t<h2 class=\"elementor-heading-title elementor-size-default\">Courses<\/h2>\t\t\t\t<\/div>\n\t\t\t\t<\/div>\n\t\t\t\t<\/div>\n\t\t<div class=\"elementor-element elementor-element-2acb5a1 e-con-full e-flex e-con e-child\" data-id=\"2acb5a1\" data-element_type=\"container\" data-e-type=\"container\">\n\t\t\t\t<div class=\"elementor-element elementor-element-1553d3e elementor-widget elementor-widget-text-editor\" data-id=\"1553d3e\" data-element_type=\"widget\" data-e-type=\"widget\" data-widget_type=\"text-editor.default\">\n\t\t\t\t\t\t\t\t\t<p>\u2022 R\u00e9alisation de vos courses avant votre arriv\u00e9e.<\/p><p><br data-start=\"1424\" data-end=\"1427\" \/>\u2022 Installation des produits directement dans votre logement.<\/p><p><br data-start=\"1489\" data-end=\"1492\" \/>\u2022 Adaptation des achats selon vos pr\u00e9f\u00e9rences alimentaires et demandes sp\u00e9cifiques.<\/p>\t\t\t\t\t\t\t\t<\/div>\n\t\t\t\t<\/div>\n\t\t\t\t\t<\/div>\n\t\t\t\t<\/div>\n\t\t<div class=\"elementor-element elementor-element-41004aa e-flex e-con-boxed e-con e-parent\" data-id=\"41004aa\" data-element_type=\"container\" data-e-type=\"container\" data-settings=\"{&quot;background_background&quot;:&quot;classic&quot;}\">\n\t\t\t\t\t<div class=\"e-con-inner\">\n\t\t<div class=\"elementor-element elementor-element-ec1acfb e-con-full e-flex e-con e-child\" data-id=\"ec1acfb\" data-element_type=\"container\" data-e-type=\"container\">\n\t\t<div class=\"elementor-element elementor-element-dc8c1db e-con-full e-flex e-con e-child\" data-id=\"dc8c1db\" data-element_type=\"container\" data-e-type=\"container\" data-settings=\"{&quot;background_background&quot;:&quot;classic&quot;}\">\n\t\t\t\t<div class=\"elementor-element elementor-element-8374eda elementor-widget elementor-widget-heading\" data-id=\"8374eda\" data-element_type=\"widget\" data-e-type=\"widget\" data-widget_type=\"heading.default\">\n\t\t\t\t\t<h2 class=\"elementor-heading-title elementor-size-default\">Babysitting<\/h2>\t\t\t\t<\/div>\n\t\t\t\t<\/div>\n\t\t\t\t<\/div>\n\t\t<div class=\"elementor-element elementor-element-fa599ba e-con-full e-flex e-con e-child\" data-id=\"fa599ba\" data-element_type=\"container\" data-e-type=\"container\">\n\t\t\t\t<div class=\"elementor-element elementor-element-0497bfd elementor-widget elementor-widget-text-editor\" data-id=\"0497bfd\" data-element_type=\"widget\" data-e-type=\"widget\" data-widget_type=\"text-editor.default\">\n\t\t\t\t\t\t\t\t\t<p>\u2022 Mise en relation avec des baby-sitters de confiance.<br \/><br data-start=\"360\" data-end=\"363\" \/>\u2022 Garde ponctuelle ou r\u00e9guli\u00e8re selon vos besoins.<br \/><br data-start=\"415\" data-end=\"418\" \/>\u2022 Pour profiter pleinement de votre s\u00e9jour en toute s\u00e9r\u00e9nit\u00e9.<\/p>\t\t\t\t\t\t\t\t<\/div>\n\t\t\t\t<\/div>\n\t\t\t\t\t<\/div>\n\t\t\t\t<\/div>\n\t\t<div class=\"elementor-element elementor-element-37da347 e-flex e-con-boxed e-con e-parent\" data-id=\"37da347\" data-element_type=\"container\" data-e-type=\"container\" data-settings=\"{&quot;background_background&quot;:&quot;classic&quot;}\">\n\t\t\t\t\t<div class=\"e-con-inner\">\n\t\t<div class=\"elementor-element elementor-element-68c0e2d e-con-full e-flex e-con e-child\" data-id=\"68c0e2d\" data-element_type=\"container\" data-e-type=\"container\">\n\t\t<div class=\"elementor-element elementor-element-f1cf401 e-con-full e-flex e-con e-child\" data-id=\"f1cf401\" data-element_type=\"container\" data-e-type=\"container\" data-settings=\"{&quot;background_background&quot;:&quot;classic&quot;}\">\n\t\t\t\t<div class=\"elementor-element elementor-element-be5b6ba elementor-widget elementor-widget-heading\" data-id=\"be5b6ba\" data-element_type=\"widget\" data-e-type=\"widget\" data-widget_type=\"heading.default\">\n\t\t\t\t\t<h2 class=\"elementor-heading-title elementor-size-default\">M\u00e9nage pendant  le s\u00e9jour<\/h2>\t\t\t\t<\/div>\n\t\t\t\t<\/div>\n\t\t\t\t<\/div>\n\t\t<div class=\"elementor-element elementor-element-420ecc5 e-con-full e-flex e-con e-child\" data-id=\"420ecc5\" data-element_type=\"container\" data-e-type=\"container\">\n\t\t\t\t<div class=\"elementor-element elementor-element-eabb40d elementor-widget elementor-widget-text-editor\" data-id=\"eabb40d\" data-element_type=\"widget\" data-e-type=\"widget\" data-widget_type=\"text-editor.default\">\n\t\t\t\t\t\t\t\t\t<p>\u2022 Prestations de m\u00e9nage pendant votre s\u00e9jour.<br \/><br data-start=\"731\" data-end=\"734\" \/>\u2022 Entretien du logement selon vos besoins et la dur\u00e9e de votre s\u00e9jour.<\/p>\t\t\t\t\t\t\t\t<\/div>\n\t\t\t\t<\/div>\n\t\t\t\t\t<\/div>\n\t\t\t\t<\/div>\n\t\t<div class=\"elementor-element elementor-element-e197eee e-flex e-con-boxed e-con e-parent\" data-id=\"e197eee\" data-element_type=\"container\" data-e-type=\"container\" data-settings=\"{&quot;background_background&quot;:&quot;classic&quot;}\">\n\t\t\t\t\t<div class=\"e-con-inner\">\n\t\t<div class=\"elementor-element elementor-element-65ee5f8 e-con-full e-flex e-con e-child\" data-id=\"65ee5f8\" data-element_type=\"container\" data-e-type=\"container\">\n\t\t<div class=\"elementor-element elementor-element-9f711cd e-con-full e-flex e-con e-child\" data-id=\"9f711cd\" data-element_type=\"container\" data-e-type=\"container\" data-settings=\"{&quot;background_background&quot;:&quot;classic&quot;}\">\n\t\t\t\t<div class=\"elementor-element elementor-element-40f5f3e elementor-widget elementor-widget-heading\" data-id=\"40f5f3e\" data-element_type=\"widget\" data-e-type=\"widget\" data-widget_type=\"heading.default\">\n\t\t\t\t\t<h2 class=\"elementor-heading-title elementor-size-default\">Sports et bien \u00eatre<\/h2>\t\t\t\t<\/div>\n\t\t\t\t<\/div>\n\t\t\t\t<\/div>\n\t\t<div class=\"elementor-element elementor-element-5accce6 e-con-full e-flex e-con e-child\" data-id=\"5accce6\" data-element_type=\"container\" data-e-type=\"container\">\n\t\t\t\t<div class=\"elementor-element elementor-element-b8763e2 elementor-widget elementor-widget-text-editor\" data-id=\"b8763e2\" data-element_type=\"widget\" data-e-type=\"widget\" data-widget_type=\"text-editor.default\">\n\t\t\t\t\t\t\t\t\t<p>\u2022 Organisation d\u2019activit\u00e9s sportives et de moments bien-\u00eatre. (cano\u00e9 \/ accrobranche \/ karting \/ massage \/ spa )<br \/><br data-start=\"1135\" data-end=\"1138\" \/>\u2022 Mise en relation avec des prestataires locaux pour locations de v\u00e9los.<br \/><br data-start=\"1201\" data-end=\"1204\" \/>\u2022 Pour allier d\u00e9tente, loisirs et d\u00e9couverte de la r\u00e9gion.<\/p>\t\t\t\t\t\t\t\t<\/div>\n\t\t\t\t<\/div>\n\t\t\t\t\t<\/div>\n\t\t\t\t<\/div>\n\t\t<div class=\"elementor-element elementor-element-ebccbbe e-flex e-con-boxed e-con e-parent\" data-id=\"ebccbbe\" data-element_type=\"container\" data-e-type=\"container\" data-settings=\"{&quot;background_background&quot;:&quot;classic&quot;}\">\n\t\t\t\t\t<div class=\"e-con-inner\">\n\t\t<div class=\"elementor-element elementor-element-b5d7c84 e-con-full e-flex e-con e-child\" data-id=\"b5d7c84\" data-element_type=\"container\" data-e-type=\"container\">\n\t\t<div class=\"elementor-element elementor-element-e0bde81 e-con-full e-flex e-con e-child\" data-id=\"e0bde81\" data-element_type=\"container\" data-e-type=\"container\" data-settings=\"{&quot;background_background&quot;:&quot;classic&quot;}\">\n\t\t\t\t<div class=\"elementor-element elementor-element-b3aa22b elementor-widget elementor-widget-heading\" data-id=\"b3aa22b\" data-element_type=\"widget\" data-e-type=\"widget\" data-widget_type=\"heading.default\">\n\t\t\t\t\t<h2 class=\"elementor-heading-title elementor-size-default\">R\u00e9servations<\/h2>\t\t\t\t<\/div>\n\t\t\t\t<\/div>\n\t\t\t\t<\/div>\n\t\t<div class=\"elementor-element elementor-element-21fceaa e-con-full e-flex e-con e-child\" data-id=\"21fceaa\" data-element_type=\"container\" data-e-type=\"container\">\n\t\t\t\t<div class=\"elementor-element elementor-element-55b05d8 elementor-widget elementor-widget-text-editor\" data-id=\"55b05d8\" data-element_type=\"widget\" data-e-type=\"widget\" data-widget_type=\"text-editor.default\">\n\t\t\t\t\t\t\t\t\t<p>\u2022 R\u00e9servations de restaurants selon vos envies et recommandations locales.<\/p><p><br data-start=\"359\" data-end=\"362\" \/>\u2022 Organisation de r\u00e9servations pour vos activit\u00e9s, spectacles et \u00e9v\u00e9nements.<\/p><p><br data-start=\"440\" data-end=\"443\" \/>\u2022 Gestion de vos demandes pour vous faire gagner du temps et profiter pleinement de votre s\u00e9jour.<\/p>\t\t\t\t\t\t\t\t<\/div>\n\t\t\t\t<\/div>\n\t\t\t\t\t<\/div>\n\t\t\t\t<\/div>\n\t\t<div class=\"elementor-element elementor-element-64cc083 e-flex e-con-boxed e-con e-parent\" data-id=\"64cc083\" data-element_type=\"container\" data-e-type=\"container\" data-settings=\"{&quot;background_background&quot;:&quot;classic&quot;}\">\n\t\t\t\t\t<div class=\"e-con-inner\">\n\t\t<div class=\"elementor-element elementor-element-694a794 e-con-full e-flex e-con e-child\" data-id=\"694a794\" data-element_type=\"container\" data-e-type=\"container\">\n\t\t<div class=\"elementor-element elementor-element-550ea18 e-con-full e-flex e-con e-child\" data-id=\"550ea18\" data-element_type=\"container\" data-e-type=\"container\" data-settings=\"{&quot;background_background&quot;:&quot;classic&quot;}\">\n\t\t\t\t<div class=\"elementor-element elementor-element-1320594 elementor-widget elementor-widget-heading\" data-id=\"1320594\" data-element_type=\"widget\" data-e-type=\"widget\" data-widget_type=\"heading.default\">\n\t\t\t\t\t<h2 class=\"elementor-heading-title elementor-size-default\">Linge &amp; confort<\/h2>\t\t\t\t<\/div>\n\t\t\t\t<\/div>\n\t\t\t\t<\/div>\n\t\t<div class=\"elementor-element elementor-element-57582b6 e-con-full e-flex e-con e-child\" data-id=\"57582b6\" data-element_type=\"container\" data-e-type=\"container\">\n\t\t\t\t<div class=\"elementor-element elementor-element-baf9cdd elementor-widget elementor-widget-text-editor\" data-id=\"baf9cdd\" data-element_type=\"widget\" data-e-type=\"widget\" data-widget_type=\"text-editor.default\">\n\t\t\t\t\t\t\t\t\t<p>\u2022 Fourniture et changement de linge pendant le s\u00e9jour.<br \/><br data-start=\"848\" data-end=\"851\" \/>\u2022 Lits pr\u00e9par\u00e9s avant votre arriv\u00e9e.<br \/><br data-start=\"889\" data-end=\"892\" \/>\u2022 Confort h\u00f4telier dans un logement ind\u00e9pendant.<\/p>\t\t\t\t\t\t\t\t<\/div>\n\t\t\t\t<\/div>\n\t\t\t\t\t<\/div>\n\t\t\t\t<\/div>\n\t\t<div class=\"elementor-element elementor-element-7eebc19 e-flex e-con-boxed e-con e-parent\" data-id=\"7eebc19\" data-element_type=\"container\" data-e-type=\"container\" data-settings=\"{&quot;background_background&quot;:&quot;classic&quot;}\">\n\t\t\t\t\t<div class=\"e-con-inner\">\n\t\t<div class=\"elementor-element elementor-element-5bb6b39 e-con-full e-flex e-con e-child\" data-id=\"5bb6b39\" data-element_type=\"container\" data-e-type=\"container\">\n\t\t<div class=\"elementor-element elementor-element-0fcde6a e-con-full e-flex e-con e-child\" data-id=\"0fcde6a\" data-element_type=\"container\" data-e-type=\"container\" data-settings=\"{&quot;background_background&quot;:&quot;classic&quot;}\">\n\t\t\t\t<div class=\"elementor-element elementor-element-1390fcc elementor-widget elementor-widget-heading\" data-id=\"1390fcc\" data-element_type=\"widget\" data-e-type=\"widget\" data-widget_type=\"heading.default\">\n\t\t\t\t\t<h2 class=\"elementor-heading-title elementor-size-default\">Bien-\u00eatre \u00e0 domicile<\/h2>\t\t\t\t<\/div>\n\t\t\t\t<\/div>\n\t\t\t\t<\/div>\n\t\t<div class=\"elementor-element elementor-element-d0be88a e-con-full e-flex e-con e-child\" data-id=\"d0be88a\" data-element_type=\"container\" data-e-type=\"container\">\n\t\t\t\t<div class=\"elementor-element elementor-element-bd00dcb elementor-widget elementor-widget-text-editor\" data-id=\"bd00dcb\" data-element_type=\"widget\" data-e-type=\"widget\" data-widget_type=\"text-editor.default\">\n\t\t\t\t\t\t\t\t\t<p>\u2022 Massages et soins bien-\u00eatre directement au logement.<\/p><p><br data-start=\"1037\" data-end=\"1040\" \/>\u2022 Prestataires locaux s\u00e9lectionn\u00e9s.<\/p><p><br data-start=\"1077\" data-end=\"1080\" \/>\u2022 Un moment de d\u00e9tente sans d\u00e9placement.<\/p>\t\t\t\t\t\t\t\t<\/div>\n\t\t\t\t<\/div>\n\t\t\t\t\t<\/div>\n\t\t\t\t<\/div>\n\t\t<div class=\"elementor-element elementor-element-1a8eb5c e-grid e-con-full e-con e-parent\" data-id=\"1a8eb5c\" data-element_type=\"container\" data-e-type=\"container\" data-settings=\"{&quot;background_background&quot;:&quot;classic&quot;}\">\n\t\t<div class=\"elementor-element elementor-element-4b89b5b e-flex e-con-boxed e-con e-child\" data-id=\"4b89b5b\" data-element_type=\"container\" data-e-type=\"container\">\n\t\t\t\t\t<div class=\"e-con-inner\">\n\t\t\t\t<div class=\"elementor-element elementor-element-b963750 elementor-widget elementor-widget-text-editor\" data-id=\"b963750\" data-element_type=\"widget\" data-e-type=\"widget\" data-widget_type=\"text-editor.default\">\n\t\t\t\t\t\t\t\t\t<p>Conciergerie Dolce Vitae<\/p><p>24240 &#8211; Sigoules<\/p><p>T\u00e9l\u00e9phone : +33 788 946 186<\/p><p>contact@dolcevitae-bergerac.fr<\/p>\t\t\t\t\t\t\t\t<\/div>\n\t\t\t\t\t<\/div>\n\t\t\t\t<\/div>\n\t\t<div class=\"elementor-element elementor-element-d5d6b83 e-con-full e-flex e-con e-child\" data-id=\"d5d6b83\" data-element_type=\"container\" data-e-type=\"container\">\n\t\t\t\t<div class=\"elementor-element elementor-element-1e88ba5 elementor-widget elementor-widget-theme-site-logo elementor-widget-image\" data-id=\"1e88ba5\" data-element_type=\"widget\" data-e-type=\"widget\" data-widget_type=\"theme-site-logo.default\">\n\t\t\t\t\t\t\t\t\t\t\t<a href=\"https:\/\/dolcevitae-bergerac.fr\">\n\t\t\t<img decoding=\"async\" width=\"240\" height=\"108\" src=\"https:\/\/dolcevitae-bergerac.fr\/wp-content\/uploads\/2026\/02\/logo-niquel-9.png\" class=\"attachment-full size-full wp-image-1093\" alt=\"\" \/>\t\t\t\t<\/a>\n\t\t\t\t\t\t\t\t\t\t\t<\/div>\n\t\t\t\t<div class=\"elementor-element elementor-element-0596418 elementor-shape-rounded elementor-grid-0 e-grid-align-center elementor-widget elementor-widget-social-icons\" data-id=\"0596418\" data-element_type=\"widget\" data-e-type=\"widget\" data-widget_type=\"social-icons.default\">\n\t\t\t\t\t\t\t<div class=\"elementor-social-icons-wrapper elementor-grid\" role=\"list\">\n\t\t\t\t\t\t\t<span class=\"elementor-grid-item\" role=\"listitem\">\n\t\t\t\t\t<a class=\"elementor-icon elementor-social-icon elementor-social-icon-facebook elementor-repeater-item-7971865\" href=\"https:\/\/www.facebook.com\/DolceVitaeConciergerieBergerac\/\" target=\"_blank\">\n\t\t\t\t\t\t<span class=\"elementor-screen-only\">Facebook<\/span>\n\t\t\t\t\t\t<svg aria-hidden=\"true\" class=\"e-font-icon-svg e-fab-facebook\" viewBox=\"0 0 512 512\" xmlns=\"http:\/\/www.w3.org\/2000\/svg\"><path d=\"M504 256C504 119 393 8 256 8S8 119 8 256c0 123.78 90.69 226.38 209.25 245V327.69h-63V256h63v-54.64c0-62.15 37-96.48 93.67-96.48 27.14 0 55.52 4.84 55.52 4.84v61h-31.28c-30.8 0-40.41 19.12-40.41 38.73V256h68.78l-11 71.69h-57.78V501C413.31 482.38 504 379.78 504 256z\"><\/path><\/svg>\t\t\t\t\t<\/a>\n\t\t\t\t<\/span>\n\t\t\t\t\t\t\t<span class=\"elementor-grid-item\" role=\"listitem\">\n\t\t\t\t\t<a class=\"elementor-icon elementor-social-icon elementor-social-icon-instagram elementor-repeater-item-64322a7\" href=\"https:\/\/www.instagram.com\/dolcevitaexperience\/\" target=\"_blank\">\n\t\t\t\t\t\t<span class=\"elementor-screen-only\">Instagram<\/span>\n\t\t\t\t\t\t<svg aria-hidden=\"true\" class=\"e-font-icon-svg e-fab-instagram\" viewBox=\"0 0 448 512\" xmlns=\"http:\/\/www.w3.org\/2000\/svg\"><path d=\"M224.1 141c-63.6 0-114.9 51.3-114.9 114.9s51.3 114.9 114.9 114.9S339 319.5 339 255.9 287.7 141 224.1 141zm0 189.6c-41.1 0-74.7-33.5-74.7-74.7s33.5-74.7 74.7-74.7 74.7 33.5 74.7 74.7-33.6 74.7-74.7 74.7zm146.4-194.3c0 14.9-12 26.8-26.8 26.8-14.9 0-26.8-12-26.8-26.8s12-26.8 26.8-26.8 26.8 12 26.8 26.8zm76.1 27.2c-1.7-35.9-9.9-67.7-36.2-93.9-26.2-26.2-58-34.4-93.9-36.2-37-2.1-147.9-2.1-184.9 0-35.8 1.7-67.6 9.9-93.9 36.1s-34.4 58-36.2 93.9c-2.1 37-2.1 147.9 0 184.9 1.7 35.9 9.9 67.7 36.2 93.9s58 34.4 93.9 36.2c37 2.1 147.9 2.1 184.9 0 35.9-1.7 67.7-9.9 93.9-36.2 26.2-26.2 34.4-58 36.2-93.9 2.1-37 2.1-147.8 0-184.8zM398.8 388c-7.8 19.6-22.9 34.7-42.6 42.6-29.5 11.7-99.5 9-132.1 9s-102.7 2.6-132.1-9c-19.6-7.8-34.7-22.9-42.6-42.6-11.7-29.5-9-99.5-9-132.1s-2.6-102.7 9-132.1c7.8-19.6 22.9-34.7 42.6-42.6 29.5-11.7 99.5-9 132.1-9s102.7-2.6 132.1 9c19.6 7.8 34.7 22.9 42.6 42.6 11.7 29.5 9 99.5 9 132.1s2.7 102.7-9 132.1z\"><\/path><\/svg>\t\t\t\t\t<\/a>\n\t\t\t\t<\/span>\n\t\t\t\t\t<\/div>\n\t\t\t\t\t\t<\/div>\n\t\t\t\t<div class=\"elementor-element elementor-element-ed0ed96 elementor-widget elementor-widget-heading\" data-id=\"ed0ed96\" data-element_type=\"widget\" data-e-type=\"widget\" data-widget_type=\"heading.default\">\n\t\t\t\t\t<h2 class=\"elementor-heading-title elementor-size-default\">\u00a9 2026 Conciergerie Dolce Vitae \u2013 Tous droits r\u00e9serv\u00e9s\n<\/h2>\t\t\t\t<\/div>\n\t\t\t\t<\/div>\n\t\t<div class=\"elementor-element elementor-element-b6a1995 e-con-full e-flex e-con e-child\" data-id=\"b6a1995\" data-element_type=\"container\" data-e-type=\"container\">\n\t\t\t\t<div class=\"elementor-element elementor-element-29c092a elementor-widget elementor-widget-heading\" data-id=\"29c092a\" data-element_type=\"widget\" data-e-type=\"widget\" data-widget_type=\"heading.default\">\n\t\t\t\t\t<h2 class=\"elementor-heading-title elementor-size-default\"><a href=\"https:\/\/dolcevitae-bergerac.fr\/index.php\/elementor-1108\/\">Mentions l\u00e9gales<\/a><\/h2>\t\t\t\t<\/div>\n\t\t\t\t<div class=\"elementor-element elementor-element-e5130dc elementor-widget elementor-widget-heading\" data-id=\"e5130dc\" data-element_type=\"widget\" data-e-type=\"widget\" data-widget_type=\"heading.default\">\n\t\t\t\t\t<h2 class=\"elementor-heading-title elementor-size-default\"><a href=\"https:\/\/dolcevitae-bergerac.fr\/index.php\/politique-de-confidentialite-rgpd\/\">Politique  de confidentialit\u00e9<\/a><\/h2>\t\t\t\t<\/div>\n\t\t\t\t<\/div>\n\t\t\t\t<\/div>\n\t\t\t\t<\/div>\n\t\t","protected":false},"excerpt":{"rendered":"<p>Excursions \u2022 Organisation sur mesure de vos excursions touristiques : grottes, ch\u00e2teaux et sites embl\u00e9matiques de la r\u00e9gion.\u2022 Organisation de d\u00e9gustations de vins et de visites de vignobles, \u00e0 la d\u00e9couverte des terroirs locaux. Transport \u2022 Organisation de vos transferts priv\u00e9s depuis et vers les a\u00e9roports et gares.\u2022 Mise en relation avec des chauffeurs professionnels [&hellip;]<\/p>\n","protected":false},"author":1,"featured_media":0,"parent":0,"menu_order":0,"comment_status":"closed","ping_status":"closed","template":"","meta":{"footnotes":""},"class_list":["post-153","page","type-page","status-publish","hentry"],"_links":{"self":[{"href":"https:\/\/dolcevitae-bergerac.fr\/index.php\/wp-json\/wp\/v2\/pages\/153","targetHints":{"allow":["GET"]}}],"collection":[{"href":"https:\/\/dolcevitae-bergerac.fr\/index.php\/wp-json\/wp\/v2\/pages"}],"about":[{"href":"https:\/\/dolcevitae-bergerac.fr\/index.php\/wp-json\/wp\/v2\/types\/page"}],"author":[{"embeddable":true,"href":"https:\/\/dolcevitae-bergerac.fr\/index.php\/wp-json\/wp\/v2\/users\/1"}],"replies":[{"embeddable":true,"href":"https:\/\/dolcevitae-bergerac.fr\/index.php\/wp-json\/wp\/v2\/comments?post=153"}],"version-history":[{"count":25,"href":"https:\/\/dolcevitae-bergerac.fr\/index.php\/wp-json\/wp\/v2\/pages\/153\/revisions"}],"predecessor-version":[{"id":1410,"href":"https:\/\/dolcevitae-bergerac.fr\/index.php\/wp-json\/wp\/v2\/pages\/153\/revisions\/1410"}],"wp:attachment":[{"href":"https:\/\/dolcevitae-bergerac.fr\/index.php\/wp-json\/wp\/v2\/media?parent=153"}],"curies":[{"name":"wp","href":"https:\/\/api.w.org\/{rel}","templated":true}]}}